{"id":1197,"date":"2023-11-24T16:58:52","date_gmt":"2023-11-24T15:58:52","guid":{"rendered":"https:\/\/alara-rt.fr\/datenschutzrichtlinie\/"},"modified":"2023-12-07T15:22:25","modified_gmt":"2023-12-07T14:22:25","slug":"datenschutzrichtlinie","status":"publish","type":"page","link":"https:\/\/alara-rt.fr\/de\/datenschutzrichtlinie\/","title":{"rendered":"Datenschutzrichtlinie"},"content":{"rendered":"\t\t<div data-elementor-type=\"wp-page\" data-elementor-id=\"1197\" class=\"elementor elementor-1197 elementor-1050\" data-elementor-post-type=\"page\">\n\t\t\t\t<div class=\"elementor-element elementor-element-49d17d1 e-flex e-con-boxed e-con e-parent\" data-id=\"49d17d1\" data-element_type=\"container\" data-e-type=\"container\">\n\t\t\t\t\t<div class=\"e-con-inner\">\n\t\t\t\t<div class=\"elementor-element elementor-element-a789462 elementor-widget elementor-widget-heading\" data-id=\"a789462\" data-element_type=\"widget\" data-e-type=\"widget\" data-widget_type=\"heading.default\">\n\t\t\t\t<div class=\"elementor-widget-container\">\n\t\t\t\t\t<h2 class=\"elementor-heading-title elementor-size-default\">Verwendung der gesammelten pers\u00f6nlichen Daten\n<\/h2>\t\t\t\t<\/div>\n\t\t\t\t<\/div>\n\t\t\t\t<div class=\"elementor-element elementor-element-47a3a75 elementor-widget elementor-widget-text-editor\" data-id=\"47a3a75\" data-element_type=\"widget\" data-e-type=\"widget\" data-widget_type=\"text-editor.default\">\n\t\t\t\t<div class=\"elementor-widget-container\">\n\t\t\t\t\t\t\t\t\t<p>Der Schutz Ihrer personenbezogenen Daten ist ein wesentlicher Bestandteil unserer Beziehung, unabh\u00e4ngig davon, ob Sie Kunde oder Nutzer unserer Dienstleistungen und Websites sind. Diese Beziehung beruht auf einem Grundsatz der Transparenz, der darauf abzielt, Ihre Privatsph\u00e4re gem\u00e4\u00df den in Frankreich und Europa geltenden Vorschriften zu respektieren, insbesondere in Anwendung des franz\u00f6sischen Datenschutzgesetzes und der Allgemeinen Datenschutzverordnung (RGPD), die &#8222;Vorschriften&#8220;.<br \/>Diese Richtlinie informiert Sie \u00fcber die Kategorien personenbezogener Daten, die wir verarbeiten, wie wir sie nutzen und welche Rechte Sie haben.<br \/>Die Datenerhebung ist auf das absolut notwendige Ma\u00df im Rahmen der Produktion, Lieferung und Bewertung der von uns erbrachten Leistungen beschr\u00e4nkt. Sensible Daten werden nur f\u00fcr die ordnungsgem\u00e4\u00dfe Abwicklung unserer Leistungen erhoben, genutzt und verarbeitet.<br \/>Im Falle einer Datenschutzbeschwerde k\u00f6nnen Sie sich ggf. an die CNIL unter folgender Adresse wenden: 3 Place de Fontenoy &#8211; TSA 80715 &#8211; 75334 PARIS CEDEX 07. In jedem Fall empfehlen wir Ihnen, sich mit uns in Verbindung zu setzen, bevor Sie die Beh\u00f6rde befassen.<\/p>\n\t\t\t\t\t\t\t\t<\/div>\n\t\t\t\t<\/div>\n\t\t\t\t<div class=\"elementor-element elementor-element-399ae9b elementor-widget elementor-widget-heading\" data-id=\"399ae9b\" data-element_type=\"widget\" data-e-type=\"widget\" data-widget_type=\"heading.default\">\n\t\t\t\t<div class=\"elementor-widget-container\">\n\t\t\t\t\t<h2 class=\"elementor-heading-title elementor-size-default\">Kontaktformulare<\/h2>\t\t\t\t<\/div>\n\t\t\t\t<\/div>\n\t\t\t\t<div class=\"elementor-element elementor-element-878c03f elementor-widget elementor-widget-text-editor\" data-id=\"878c03f\" data-element_type=\"widget\" data-e-type=\"widget\" data-widget_type=\"text-editor.default\">\n\t\t\t\t<div class=\"elementor-widget-container\">\n\t\t\t\t\t\t\t\t\t<p>Im Sinne des Grundsatzes der Datenminimierung fragen wir Sie nur nach den Daten, die f\u00fcr den Zweck der Datenverarbeitung erforderlich sind. In diesem Fall handelt es sich um Daten, die es uns erm\u00f6glichen, Sie zu kontaktieren, um Ihnen Informationen im Zusammenhang mit unseren Dienstleistungen zukommen zu lassen oder Ihre Fragen zu beantworten. Diese Kontaktdaten werden f\u00fcr die gesamte Dauer der Gesch\u00e4ftsbeziehung gespeichert, sofern Sie dies nicht ablehnen.<br \/>In keinem Fall werden Ihre Daten ohne Ihre Zustimmung an einen Partner weitergegeben.<\/p>\n\t\t\t\t\t\t\t\t<\/div>\n\t\t\t\t<\/div>\n\t\t\t\t<div class=\"elementor-element elementor-element-0491a57 elementor-widget elementor-widget-heading\" data-id=\"0491a57\" data-element_type=\"widget\" data-e-type=\"widget\" data-widget_type=\"heading.default\">\n\t\t\t\t<div class=\"elementor-widget-container\">\n\t\t\t\t\t<h2 class=\"elementor-heading-title elementor-size-default\">E-Mailing\n<\/h2>\t\t\t\t<\/div>\n\t\t\t\t<\/div>\n\t\t\t\t<div class=\"elementor-element elementor-element-69beb3d elementor-widget elementor-widget-text-editor\" data-id=\"69beb3d\" data-element_type=\"widget\" data-e-type=\"widget\" data-widget_type=\"text-editor.default\">\n\t\t\t\t<div class=\"elementor-widget-container\">\n\t\t\t\t\t\t\t\t\tDie von ALARA RT durchgef\u00fchrten E-Mail-Kampagnen sind mit der DSGVO vereinbar. Sie werden n\u00e4mlich nach der Unterzeichnung des Vertrags oder bei einer Angebotsanfrage \u00fcber unser Kontaktformular in unsere Datenbank aufgenommen. Ihre Daten werden in unserer Datenbank gespeichert, um Ihnen aktuelle Informationen \u00fcber Vorschriften, Schulungen usw. zukommen zu lassen. Wenn Sie nicht mehr in unserer Datenbank erscheinen m\u00f6chten, k\u00f6nnen Sie uns eine E-Mail an info@alara-rt.fr schreiben.\nSie k\u00f6nnen sich jederzeit \u00fcber den Abmeldelink am Ende der E-Mailings, die eine \u00c4nderung Ihrer Einwilligung erm\u00f6glichen, abmelden.\t\t\t\t\t\t\t\t<\/div>\n\t\t\t\t<\/div>\n\t\t\t\t<div class=\"elementor-element elementor-element-91e2b9f elementor-widget elementor-widget-heading\" data-id=\"91e2b9f\" data-element_type=\"widget\" data-e-type=\"widget\" data-widget_type=\"heading.default\">\n\t\t\t\t<div class=\"elementor-widget-container\">\n\t\t\t\t\t<h2 class=\"elementor-heading-title elementor-size-default\">Statistiken und Messung des Publikums\n<\/h2>\t\t\t\t<\/div>\n\t\t\t\t<\/div>\n\t\t\t\t<div class=\"elementor-element elementor-element-2322e5b elementor-widget elementor-widget-text-editor\" data-id=\"2322e5b\" data-element_type=\"widget\" data-e-type=\"widget\" data-widget_type=\"text-editor.default\">\n\t\t\t\t<div class=\"elementor-widget-container\">\n\t\t\t\t\t\t\t\t\t<p>Diese Website verwendet auch Cookies, um anonymisierte Trackingdaten an Anwendungen von Drittanbietern wie Google Analytics zu liefern. Im Allgemeinen werden Cookies Ihr Surferlebnis verbessern. Sie k\u00f6nnen es jedoch vorziehen, die Cookies auf dieser Seite zu deaktivieren, sobald Sie unsere Website zum ersten Mal besuchen. Der wirksamste Weg ist, die Cookies in Ihrem Browser zu deaktivieren. Wir empfehlen Ihnen, den Hilfebereich Ihres Browsers zu konsultieren oder die Website \u00dcber Cookies zu besuchen, die Tipps f\u00fcr alle modernen Browser bietet.<\/p>\n\t\t\t\t\t\t\t\t<\/div>\n\t\t\t\t<\/div>\n\t\t\t\t<div class=\"elementor-element elementor-element-add99a3 elementor-widget elementor-widget-heading\" data-id=\"add99a3\" data-element_type=\"widget\" data-e-type=\"widget\" data-widget_type=\"heading.default\">\n\t\t\t\t<div class=\"elementor-widget-container\">\n\t\t\t\t\t<h2 class=\"elementor-heading-title elementor-size-default\">\u00dcbermittlung Ihrer pers\u00f6nlichen Daten\n<\/h2>\t\t\t\t<\/div>\n\t\t\t\t<\/div>\n\t\t\t\t<div class=\"elementor-element elementor-element-c276309 elementor-widget elementor-widget-text-editor\" data-id=\"c276309\" data-element_type=\"widget\" data-e-type=\"widget\" data-widget_type=\"text-editor.default\">\n\t\t\t\t<div class=\"elementor-widget-container\">\n\t\t\t\t\t\t\t\t\t<p>Wir setzen Sicherheitsma\u00dfnahmen und Verfahren ein, die den Standards f\u00fcr die Sicherung von Computerdaten entsprechen, und wenden diese an. Die auf unserer Website gespeicherten Daten werden von unserem Webhoster AMEN entgegengenommen. Weitere Informationen \u00fcber die Sicherheitsorganisation, die von unserem Hosting-Anbieter eingerichtet wurde, finden Sie unter: https:\/\/www.amen.fr\/a-propos\/donnees-personnelles\/<\/p>\n\t\t\t\t\t\t\t\t<\/div>\n\t\t\t\t<\/div>\n\t\t\t\t<div class=\"elementor-element elementor-element-6613dc1 elementor-widget elementor-widget-heading\" data-id=\"6613dc1\" data-element_type=\"widget\" data-e-type=\"widget\" data-widget_type=\"heading.default\">\n\t\t\t\t<div class=\"elementor-widget-container\">\n\t\t\t\t\t<h2 class=\"elementor-heading-title elementor-size-default\">Umgesetzte Verfahren im Falle eines Datenlecks\n\n<\/h2>\t\t\t\t<\/div>\n\t\t\t\t<\/div>\n\t\t\t\t<div class=\"elementor-element elementor-element-98f6647 elementor-widget elementor-widget-text-editor\" data-id=\"98f6647\" data-element_type=\"widget\" data-e-type=\"widget\" data-widget_type=\"text-editor.default\">\n\t\t\t\t<div class=\"elementor-widget-container\">\n\t\t\t\t\t\t\t\t\tIm Falle eines Datendiebstahls oder einer Datenpanne halten wir uns an das in der Allgemeinen Datenschutzverordnung (Artikel 33) festgelegte Verfahren, innerhalb von 72 Stunden zu reagieren. Wir werden daher innerhalb dieser Frist transparent \u00fcber die Situation berichten. Zum einen werden wir die zust\u00e4ndige Aufsichtsbeh\u00f6rde, in Frankreich die CNIL, informieren. Andererseits werden wir Personen, deren Daten gehackt wurden, benachrichtigen, wenn das Leck zu einem echten Risiko f\u00fcr ihre Rechte und Freiheiten f\u00fchren kann (sensible Daten).\n\t\t\t\t\t\t\t\t<\/div>\n\t\t\t\t<\/div>\n\t\t\t\t<div class=\"elementor-element elementor-element-339f1f9 elementor-widget elementor-widget-heading\" data-id=\"339f1f9\" data-element_type=\"widget\" data-e-type=\"widget\" data-widget_type=\"heading.default\">\n\t\t\t\t<div class=\"elementor-widget-container\">\n\t\t\t\t\t<h2 class=\"elementor-heading-title elementor-size-default\">Uns schreiben\n<\/h2>\t\t\t\t<\/div>\n\t\t\t\t<\/div>\n\t\t\t\t<div class=\"elementor-element elementor-element-357fd93 elementor-widget elementor-widget-text-editor\" data-id=\"357fd93\" data-element_type=\"widget\" data-e-type=\"widget\" data-widget_type=\"text-editor.default\">\n\t\t\t\t<div class=\"elementor-widget-container\">\n\t\t\t\t\t\t\t\t\t<p>Sie haben das Recht, auf die Sie betreffenden Daten zuzugreifen, sie zu berichtigen, zu \u00e4ndern und zu l\u00f6schen. Sie k\u00f6nnen dieses Recht aus\u00fcben, indem Sie eine E-Mail an  <a href=\"dpo@alara-group.fr\">dpo@alara-group.fr.<\/a>  Wenn der Internetnutzer Fragen oder Kommentare zu dieser Datenschutzrichtlinie hat, kann er ALARA RT \u00fcber die folgende Adresse kontaktieren:  <a href=\"mailto:dpo@alara-group.fr\">dpo@alara-group.fr<\/a>  oder per Post: ALARA RT- 7 all\u00e9e de l&#8217;Europe &#8211; 67960 ENTZHEIM oder telefonisch unter 03 69 09 21 30.<\/p>\n\t\t\t\t\t\t\t\t<\/div>\n\t\t\t\t<\/div>\n\t\t\t\t\t<\/div>\n\t\t\t\t<\/div>\n\t\t\t\t<\/div>\n\t\t","protected":false},"excerpt":{"rendered":"<p>Verwendung der gesammelten pers\u00f6nlichen Daten Der Schutz Ihrer personenbezogenen Daten ist ein wesentlicher Bestandteil unserer Beziehung, unabh\u00e4ngig davon, ob Sie Kunde oder Nutzer unserer Dienstleistungen und Websites sind. Diese Beziehung beruht auf einem Grundsatz der Transparenz, der darauf abzielt, Ihre Privatsph\u00e4re gem\u00e4\u00df den in Frankreich und Europa geltenden Vorschriften zu respektieren, insbesondere in Anwendung des &hellip; <\/p>\n<p class=\"link-more\"><a href=\"https:\/\/alara-rt.fr\/de\/datenschutzrichtlinie\/\" class=\"more-link\">Mehr <span class=\"screen-reader-text\">\u00fcber &#8222;Datenschutzrichtlinie&#8220; <\/span>Lesen<\/a><\/p>\n","protected":false},"author":2,"featured_media":0,"parent":0,"menu_order":0,"comment_status":"closed","ping_status":"closed","template":"elementor_header_footer","meta":{"inspiro_hide_title":false,"footnotes":""},"class_list":["post-1197","page","type-page","status-publish","hentry"],"aioseo_notices":[],"_links":{"self":[{"href":"https:\/\/alara-rt.fr\/de\/wp-json\/wp\/v2\/pages\/1197","targetHints":{"allow":["GET"]}}],"collection":[{"href":"https:\/\/alara-rt.fr\/de\/wp-json\/wp\/v2\/pages"}],"about":[{"href":"https:\/\/alara-rt.fr\/de\/wp-json\/wp\/v2\/types\/page"}],"author":[{"embeddable":true,"href":"https:\/\/alara-rt.fr\/de\/wp-json\/wp\/v2\/users\/2"}],"replies":[{"embeddable":true,"href":"https:\/\/alara-rt.fr\/de\/wp-json\/wp\/v2\/comments?post=1197"}],"version-history":[{"count":2,"href":"https:\/\/alara-rt.fr\/de\/wp-json\/wp\/v2\/pages\/1197\/revisions"}],"predecessor-version":[{"id":1203,"href":"https:\/\/alara-rt.fr\/de\/wp-json\/wp\/v2\/pages\/1197\/revisions\/1203"}],"wp:attachment":[{"href":"https:\/\/alara-rt.fr\/de\/wp-json\/wp\/v2\/media?parent=1197"}],"curies":[{"name":"wp","href":"https:\/\/api.w.org\/{rel}","templated":true}]}}