{"id":1187,"date":"2023-10-19T15:32:28","date_gmt":"2023-10-19T13:32:28","guid":{"rendered":"https:\/\/alara-rt.fr\/startseite\/"},"modified":"2023-12-21T17:47:56","modified_gmt":"2023-12-21T16:47:56","slug":"startseite","status":"publish","type":"page","link":"https:\/\/alara-rt.fr\/de\/","title":{"rendered":"Startseite"},"content":{"rendered":"\t\t<div data-elementor-type=\"wp-page\" data-elementor-id=\"1187\" class=\"elementor elementor-1187 elementor-164\" data-elementor-post-type=\"page\">\n\t\t\t\t<div class=\"elementor-element elementor-element-17154e9 e-con-full e-flex e-con e-parent\" data-id=\"17154e9\" data-element_type=\"container\" data-e-type=\"container\">\n\t\t<div class=\"elementor-element elementor-element-d522b72 e-con-full e-flex elementor-invisible e-con e-child\" data-id=\"d522b72\" data-element_type=\"container\" data-e-type=\"container\" data-settings=\"{&quot;animation&quot;:&quot;fadeIn&quot;}\">\n\t\t\t\t<div class=\"elementor-element elementor-element-00d066a elementor-widget elementor-widget-heading\" data-id=\"00d066a\" data-element_type=\"widget\" data-e-type=\"widget\" data-widget_type=\"heading.default\">\n\t\t\t\t<div class=\"elementor-widget-container\">\n\t\t\t\t\t<h3 class=\"elementor-heading-title elementor-size-default\">Zum Wohle Ihrer Patienten<\/h3>\t\t\t\t<\/div>\n\t\t\t\t<\/div>\n\t\t\t\t<div class=\"elementor-element elementor-element-abe7585 elementor-widget elementor-widget-heading\" data-id=\"abe7585\" data-element_type=\"widget\" data-e-type=\"widget\" data-widget_type=\"heading.default\">\n\t\t\t\t<div class=\"elementor-widget-container\">\n\t\t\t\t\t<h2 class=\"elementor-heading-title elementor-size-default\">Sichern Sie Ihre Praktiken<\/h2>\t\t\t\t<\/div>\n\t\t\t\t<\/div>\n\t\t\t\t<\/div>\n\t\t<div class=\"elementor-element elementor-element-4c5face e-con-full e-flex e-con e-child\" data-id=\"4c5face\" data-element_type=\"container\" data-e-type=\"container\">\n\t\t\t\t<div class=\"elementor-element elementor-element-13f56e9 animated-slow elementor-position-top elementor-invisible elementor-widget elementor-widget-image-box\" data-id=\"13f56e9\" data-element_type=\"widget\" data-e-type=\"widget\" data-settings=\"{&quot;_animation&quot;:&quot;fadeInLeft&quot;}\" data-widget_type=\"image-box.default\">\n\t\t\t\t<div class=\"elementor-widget-container\">\n\t\t\t\t\t<div class=\"elementor-image-box-wrapper\"><figure class=\"elementor-image-box-img\"><img fetchpriority=\"high\" decoding=\"async\" width=\"1667\" height=\"1667\" src=\"https:\/\/alara-rt.fr\/wp-content\/uploads\/2023\/11\/Pictos_Alara-RT_Plan-de-travail-1-01.png\" class=\"elementor-animation-grow attachment-full size-full wp-image-666\" alt=\"\" srcset=\"https:\/\/alara-rt.fr\/wp-content\/uploads\/2023\/11\/Pictos_Alara-RT_Plan-de-travail-1-01.png 1667w, https:\/\/alara-rt.fr\/wp-content\/uploads\/2023\/11\/Pictos_Alara-RT_Plan-de-travail-1-01-300x300.png 300w, https:\/\/alara-rt.fr\/wp-content\/uploads\/2023\/11\/Pictos_Alara-RT_Plan-de-travail-1-01-1024x1024.png 1024w, https:\/\/alara-rt.fr\/wp-content\/uploads\/2023\/11\/Pictos_Alara-RT_Plan-de-travail-1-01-150x150.png 150w, https:\/\/alara-rt.fr\/wp-content\/uploads\/2023\/11\/Pictos_Alara-RT_Plan-de-travail-1-01-1536x1536.png 1536w\" sizes=\"(max-width: 1667px) 100vw, 1667px\" \/><\/figure><div class=\"elementor-image-box-content\"><h3 class=\"elementor-image-box-title\">Qualit\u00e4tskontrollen<\/h3><p class=\"elementor-image-box-description\">Ihrer Ausr\u00fcstung<\/p><\/div><\/div>\t\t\t\t<\/div>\n\t\t\t\t<\/div>\n\t\t\t\t<\/div>\n\t\t<div class=\"elementor-element elementor-element-b796b26 e-con-full e-flex e-con e-child\" data-id=\"b796b26\" data-element_type=\"container\" data-e-type=\"container\">\n\t\t\t\t<div class=\"elementor-element elementor-element-7d7b1c0 animated-slow elementor-position-top elementor-invisible elementor-widget elementor-widget-image-box\" data-id=\"7d7b1c0\" data-element_type=\"widget\" data-e-type=\"widget\" data-settings=\"{&quot;_animation&quot;:&quot;fadeInLeft&quot;}\" data-widget_type=\"image-box.default\">\n\t\t\t\t<div class=\"elementor-widget-container\">\n\t\t\t\t\t<div class=\"elementor-image-box-wrapper\"><figure class=\"elementor-image-box-img\"><img decoding=\"async\" width=\"1667\" height=\"1667\" src=\"https:\/\/alara-rt.fr\/wp-content\/uploads\/2023\/11\/Pictos_Alara-RT_Plan-de-travail-1-02.png\" class=\"elementor-animation-grow attachment-full size-full wp-image-667\" alt=\"\" srcset=\"https:\/\/alara-rt.fr\/wp-content\/uploads\/2023\/11\/Pictos_Alara-RT_Plan-de-travail-1-02.png 1667w, https:\/\/alara-rt.fr\/wp-content\/uploads\/2023\/11\/Pictos_Alara-RT_Plan-de-travail-1-02-300x300.png 300w, https:\/\/alara-rt.fr\/wp-content\/uploads\/2023\/11\/Pictos_Alara-RT_Plan-de-travail-1-02-1024x1024.png 1024w, https:\/\/alara-rt.fr\/wp-content\/uploads\/2023\/11\/Pictos_Alara-RT_Plan-de-travail-1-02-150x150.png 150w, https:\/\/alara-rt.fr\/wp-content\/uploads\/2023\/11\/Pictos_Alara-RT_Plan-de-travail-1-02-1536x1536.png 1536w\" sizes=\"(max-width: 1667px) 100vw, 1667px\" \/><\/figure><div class=\"elementor-image-box-content\"><h3 class=\"elementor-image-box-title\">Gemeinsame Wartung<\/h3><p class=\"elementor-image-box-description\">l\u00f6sungen in Zusammenarbeit mit den Herstellern<\/p><\/div><\/div>\t\t\t\t<\/div>\n\t\t\t\t<\/div>\n\t\t\t\t<\/div>\n\t\t<div class=\"elementor-element elementor-element-6a78026 e-con-full e-flex e-con e-child\" data-id=\"6a78026\" data-element_type=\"container\" data-e-type=\"container\">\n\t\t\t\t<div class=\"elementor-element elementor-element-97c527e animated-slow elementor-position-top elementor-invisible elementor-widget elementor-widget-image-box\" data-id=\"97c527e\" data-element_type=\"widget\" data-e-type=\"widget\" data-settings=\"{&quot;_animation&quot;:&quot;fadeInLeft&quot;}\" data-widget_type=\"image-box.default\">\n\t\t\t\t<div class=\"elementor-widget-container\">\n\t\t\t\t\t<div class=\"elementor-image-box-wrapper\"><figure class=\"elementor-image-box-img\"><img decoding=\"async\" width=\"1667\" height=\"1667\" src=\"https:\/\/alara-rt.fr\/wp-content\/uploads\/2023\/11\/Pictos_Alara-RT_Plan-de-travail-1-03.png\" class=\"elementor-animation-grow attachment-full size-full wp-image-668\" alt=\"\" srcset=\"https:\/\/alara-rt.fr\/wp-content\/uploads\/2023\/11\/Pictos_Alara-RT_Plan-de-travail-1-03.png 1667w, https:\/\/alara-rt.fr\/wp-content\/uploads\/2023\/11\/Pictos_Alara-RT_Plan-de-travail-1-03-300x300.png 300w, https:\/\/alara-rt.fr\/wp-content\/uploads\/2023\/11\/Pictos_Alara-RT_Plan-de-travail-1-03-1024x1024.png 1024w, https:\/\/alara-rt.fr\/wp-content\/uploads\/2023\/11\/Pictos_Alara-RT_Plan-de-travail-1-03-150x150.png 150w, https:\/\/alara-rt.fr\/wp-content\/uploads\/2023\/11\/Pictos_Alara-RT_Plan-de-travail-1-03-1536x1536.png 1536w\" sizes=\"(max-width: 1667px) 100vw, 1667px\" \/><\/figure><div class=\"elementor-image-box-content\"><h3 class=\"elementor-image-box-title\">Fachwissen und Schulungen<\/h3><p class=\"elementor-image-box-description\">in der Strahlentherapie und  <br>Qualit\u00e4tssicherung<\/p><\/div><\/div>\t\t\t\t<\/div>\n\t\t\t\t<\/div>\n\t\t\t\t<\/div>\n\t\t<div class=\"elementor-element elementor-element-21d0650 e-con-full e-flex e-con e-child\" data-id=\"21d0650\" data-element_type=\"container\" data-e-type=\"container\">\n\t\t\t\t<div class=\"elementor-element elementor-element-5fd3f9b elementor-align-center elementor-widget elementor-widget-button\" data-id=\"5fd3f9b\" data-element_type=\"widget\" data-e-type=\"widget\" data-widget_type=\"button.default\">\n\t\t\t\t<div class=\"elementor-widget-container\">\n\t\t\t\t\t\t\t\t\t<div class=\"elementor-button-wrapper\">\n\t\t\t\t\t<a class=\"elementor-button elementor-button-link elementor-size-sm elementor-animation-grow\" href=\"https:\/\/alara-rt.fr\/de\/kontakt\/\" target=\"_blank\">\n\t\t\t\t\t\t<span class=\"elementor-button-content-wrapper\">\n\t\t\t\t\t\t\t\t\t<span class=\"elementor-button-text\">Kontaktieren Sie uns<\/span>\n\t\t\t\t\t<\/span>\n\t\t\t\t\t<\/a>\n\t\t\t\t<\/div>\n\t\t\t\t\t\t\t\t<\/div>\n\t\t\t\t<\/div>\n\t\t\t\t<\/div>\n\t\t\t\t<\/div>\n\t\t\t\t<section class=\"elementor-section elementor-top-section elementor-element elementor-element-2015ce4 elementor-reverse-tablet elementor-section-boxed elementor-section-height-default elementor-section-height-default\" data-id=\"2015ce4\" data-element_type=\"section\" data-e-type=\"section\" data-settings=\"{&quot;background_background&quot;:&quot;classic&quot;}\">\n\t\t\t\t\t\t\t<div class=\"elementor-background-overlay\"><\/div>\n\t\t\t\t\t\t\t<div class=\"elementor-container elementor-column-gap-default\">\n\t\t\t\t\t<div class=\"elementor-column elementor-col-50 elementor-top-column elementor-element elementor-element-25a14ae\" data-id=\"25a14ae\" data-element_type=\"column\" data-e-type=\"column\">\n\t\t\t<div class=\"elementor-widget-wrap elementor-element-populated\">\n\t\t\t\t\t\t<div class=\"elementor-element elementor-element-44eb038 elementor-widget elementor-widget-heading\" data-id=\"44eb038\" data-element_type=\"widget\" data-e-type=\"widget\" data-widget_type=\"heading.default\">\n\t\t\t\t<div class=\"elementor-widget-container\">\n\t\t\t\t\t<h2 class=\"elementor-heading-title elementor-size-default\">Eine Gruppe, neuartige Synergien<\/h2>\t\t\t\t<\/div>\n\t\t\t\t<\/div>\n\t\t\t\t<div class=\"elementor-element elementor-element-cd93cbc elementor-widget elementor-widget-text-editor\" data-id=\"cd93cbc\" data-element_type=\"widget\" data-e-type=\"widget\" data-widget_type=\"text-editor.default\">\n\t\t\t\t<div class=\"elementor-widget-container\">\n\t\t\t\t\t\t\t\t\t<p>Die <strong>Alara Group<\/strong> stellt einen beispiellosen Mix aus Kompetenzen zusammen, um an der Entwicklung der personalisierten und sicheren Medizin von morgen mitzuwirken. Nach mehr als 15 Jahren F&amp;E im Bereich der (ionisierenden und nichtionisierenden) Strahlung hat unser Team seine Kreativit\u00e4t und Leidenschaft bereits in 18 Patentfamilien unter Beweis gestellt; Weltpremieren zum Wohle der Patienten und des Pflegepersonals!<\/p>\n<p><strong>Unsere Mission:<\/strong> Unsere Innovationen f\u00fcr ALLE zug\u00e4nglich machen.<\/p>\n\t\t\t\t\t\t\t\t<\/div>\n\t\t\t\t<\/div>\n\t\t\t\t<div class=\"elementor-element elementor-element-6ef1917 elementor-align-left elementor-widget elementor-widget-button\" data-id=\"6ef1917\" data-element_type=\"widget\" data-e-type=\"widget\" data-widget_type=\"button.default\">\n\t\t\t\t<div class=\"elementor-widget-container\">\n\t\t\t\t\t\t\t\t\t<div class=\"elementor-button-wrapper\">\n\t\t\t\t\t<a class=\"elementor-button elementor-button-link elementor-size-sm elementor-animation-grow\" href=\"https:\/\/alara-rt.fr\/de\/kontakt\/\" target=\"_blank\">\n\t\t\t\t\t\t<span class=\"elementor-button-content-wrapper\">\n\t\t\t\t\t\t\t\t\t<span class=\"elementor-button-text\">Mehr erfahren<\/span>\n\t\t\t\t\t<\/span>\n\t\t\t\t\t<\/a>\n\t\t\t\t<\/div>\n\t\t\t\t\t\t\t\t<\/div>\n\t\t\t\t<\/div>\n\t\t\t\t\t<\/div>\n\t\t<\/div>\n\t\t\t\t<div class=\"elementor-column elementor-col-50 elementor-top-column elementor-element elementor-element-7acf66f\" data-id=\"7acf66f\" data-element_type=\"column\" data-e-type=\"column\">\n\t\t\t<div class=\"elementor-widget-wrap elementor-element-populated\">\n\t\t\t\t\t\t<div class=\"elementor-element elementor-element-0233cff animated-slow elementor-invisible elementor-widget elementor-widget-image\" data-id=\"0233cff\" data-element_type=\"widget\" data-e-type=\"widget\" data-settings=\"{&quot;_animation&quot;:&quot;fadeIn&quot;}\" data-widget_type=\"image.default\">\n\t\t\t\t<div class=\"elementor-widget-container\">\n\t\t\t\t\t\t\t\t\t\t\t\t\t\t\t<img loading=\"lazy\" decoding=\"async\" width=\"1024\" height=\"683\" src=\"https:\/\/alara-rt.fr\/wp-content\/uploads\/2023\/12\/AdobeStock_624327952-1024x683.jpeg\" class=\"attachment-large size-large wp-image-1451\" alt=\"\" srcset=\"https:\/\/alara-rt.fr\/wp-content\/uploads\/2023\/12\/AdobeStock_624327952-1024x683.jpeg 1024w, https:\/\/alara-rt.fr\/wp-content\/uploads\/2023\/12\/AdobeStock_624327952-300x200.jpeg 300w, https:\/\/alara-rt.fr\/wp-content\/uploads\/2023\/12\/AdobeStock_624327952-2000x1333.jpeg 2000w\" sizes=\"100vw\" \/>\t\t\t\t\t\t\t\t\t\t\t\t\t\t\t<\/div>\n\t\t\t\t<\/div>\n\t\t\t\t\t<\/div>\n\t\t<\/div>\n\t\t\t\t\t<\/div>\n\t\t<\/section>\n\t\t<div class=\"elementor-element elementor-element-dbcd570 e-flex e-con-boxed e-con e-parent\" data-id=\"dbcd570\" data-element_type=\"container\" data-e-type=\"container\">\n\t\t\t\t\t<div class=\"e-con-inner\">\n\t\t\t\t<div class=\"elementor-element elementor-element-128e402 elementor-widget elementor-widget-spacer\" data-id=\"128e402\" data-element_type=\"widget\" data-e-type=\"widget\" data-widget_type=\"spacer.default\">\n\t\t\t\t<div class=\"elementor-widget-container\">\n\t\t\t\t\t\t\t<div class=\"elementor-spacer\">\n\t\t\t<div class=\"elementor-spacer-inner\"><\/div>\n\t\t<\/div>\n\t\t\t\t\t\t<\/div>\n\t\t\t\t<\/div>\n\t\t\t\t\t<\/div>\n\t\t\t\t<\/div>\n\t\t\t\t<\/div>\n\t\t","protected":false},"excerpt":{"rendered":"<p>Zum Wohle Ihrer Patienten Sichern Sie Ihre Praktiken Qualit\u00e4tskontrollen Ihrer Ausr\u00fcstung Gemeinsame Wartung l\u00f6sungen in Zusammenarbeit mit den Herstellern Fachwissen und Schulungen in der Strahlentherapie und Qualit\u00e4tssicherung Kontaktieren Sie uns Eine Gruppe, neuartige Synergien Die Alara Group stellt einen beispiellosen Mix aus Kompetenzen zusammen, um an der Entwicklung der personalisierten und sicheren Medizin von morgen &hellip; <\/p>\n<p class=\"link-more\"><a href=\"https:\/\/alara-rt.fr\/de\/\" class=\"more-link\">Mehr <span class=\"screen-reader-text\">\u00fcber &#8222;Startseite&#8220; <\/span>Lesen<\/a><\/p>\n","protected":false},"author":2,"featured_media":0,"parent":0,"menu_order":0,"comment_status":"closed","ping_status":"closed","template":"page-templates\/homepage-no-hero.php","meta":{"inspiro_hide_title":false,"footnotes":""},"class_list":["post-1187","page","type-page","status-publish","hentry"],"aioseo_notices":[],"_links":{"self":[{"href":"https:\/\/alara-rt.fr\/de\/wp-json\/wp\/v2\/pages\/1187","targetHints":{"allow":["GET"]}}],"collection":[{"href":"https:\/\/alara-rt.fr\/de\/wp-json\/wp\/v2\/pages"}],"about":[{"href":"https:\/\/alara-rt.fr\/de\/wp-json\/wp\/v2\/types\/page"}],"author":[{"embeddable":true,"href":"https:\/\/alara-rt.fr\/de\/wp-json\/wp\/v2\/users\/2"}],"replies":[{"embeddable":true,"href":"https:\/\/alara-rt.fr\/de\/wp-json\/wp\/v2\/comments?post=1187"}],"version-history":[{"count":4,"href":"https:\/\/alara-rt.fr\/de\/wp-json\/wp\/v2\/pages\/1187\/revisions"}],"predecessor-version":[{"id":1455,"href":"https:\/\/alara-rt.fr\/de\/wp-json\/wp\/v2\/pages\/1187\/revisions\/1455"}],"wp:attachment":[{"href":"https:\/\/alara-rt.fr\/de\/wp-json\/wp\/v2\/media?parent=1187"}],"curies":[{"name":"wp","href":"https:\/\/api.w.org\/{rel}","templated":true}]}}