{"id":1177,"date":"2023-10-19T16:10:22","date_gmt":"2023-10-19T14:10:22","guid":{"rendered":"https:\/\/alara-rt.fr\/unsere-loesungen\/"},"modified":"2024-03-19T09:57:31","modified_gmt":"2024-03-19T08:57:31","slug":"unsere-loesungen","status":"publish","type":"page","link":"https:\/\/alara-rt.fr\/de\/unsere-loesungen\/","title":{"rendered":"Unsere L\u00f6sungen"},"content":{"rendered":"\t\t<div data-elementor-type=\"wp-page\" data-elementor-id=\"1177\" class=\"elementor elementor-1177 elementor-181\" data-elementor-post-type=\"page\">\n\t\t\t\t<div class=\"elementor-element elementor-element-cce7fc4 e-con-full e-flex e-con e-parent\" data-id=\"cce7fc4\" data-element_type=\"container\" data-e-type=\"container\" data-settings=\"{&quot;background_background&quot;:&quot;classic&quot;}\">\n\t\t<div class=\"elementor-element elementor-element-63621dd e-con-full e-flex e-con e-child\" data-id=\"63621dd\" data-element_type=\"container\" data-e-type=\"container\">\n\t\t\t\t<div class=\"elementor-element elementor-element-5da1c41 elementor-widget elementor-widget-heading\" data-id=\"5da1c41\" data-element_type=\"widget\" data-e-type=\"widget\" data-widget_type=\"heading.default\">\n\t\t\t\t<div class=\"elementor-widget-container\">\n\t\t\t\t\t<h3 class=\"elementor-heading-title elementor-size-default\">Zum Wohle Ihrer Patienten<\/h3>\t\t\t\t<\/div>\n\t\t\t\t<\/div>\n\t\t\t\t<div class=\"elementor-element elementor-element-76213ba elementor-widget elementor-widget-heading\" data-id=\"76213ba\" data-element_type=\"widget\" data-e-type=\"widget\" data-widget_type=\"heading.default\">\n\t\t\t\t<div class=\"elementor-widget-container\">\n\t\t\t\t\t<h2 class=\"elementor-heading-title elementor-size-default\">Sichere und optimierte Praktiken<\/h2>\t\t\t\t<\/div>\n\t\t\t\t<\/div>\n\t\t<div class=\"elementor-element elementor-element-06c6bf1 e-flex e-con-boxed e-con e-child\" data-id=\"06c6bf1\" data-element_type=\"container\" data-e-type=\"container\">\n\t\t\t\t\t<div class=\"e-con-inner\">\n\t\t<div class=\"elementor-element elementor-element-5ae4b79 e-flex e-con-boxed e-con e-child\" data-id=\"5ae4b79\" data-element_type=\"container\" data-e-type=\"container\">\n\t\t\t\t\t<div class=\"e-con-inner\">\n\t\t\t\t<div class=\"elementor-element elementor-element-68e160b animated-slow elementor-position-top elementor-invisible elementor-widget elementor-widget-image-box\" data-id=\"68e160b\" data-element_type=\"widget\" data-e-type=\"widget\" data-settings=\"{&quot;_animation&quot;:&quot;fadeInRight&quot;}\" data-widget_type=\"image-box.default\">\n\t\t\t\t<div class=\"elementor-widget-container\">\n\t\t\t\t\t<div class=\"elementor-image-box-wrapper\"><figure class=\"elementor-image-box-img\"><img fetchpriority=\"high\" decoding=\"async\" width=\"1667\" height=\"1667\" src=\"https:\/\/alara-rt.fr\/wp-content\/uploads\/2023\/11\/Pictos_Alara-RT_Plan-de-travail-1-01.png\" class=\"elementor-animation-grow attachment-full size-full wp-image-666\" alt=\"\" srcset=\"https:\/\/alara-rt.fr\/wp-content\/uploads\/2023\/11\/Pictos_Alara-RT_Plan-de-travail-1-01.png 1667w, https:\/\/alara-rt.fr\/wp-content\/uploads\/2023\/11\/Pictos_Alara-RT_Plan-de-travail-1-01-300x300.png 300w, https:\/\/alara-rt.fr\/wp-content\/uploads\/2023\/11\/Pictos_Alara-RT_Plan-de-travail-1-01-1024x1024.png 1024w, https:\/\/alara-rt.fr\/wp-content\/uploads\/2023\/11\/Pictos_Alara-RT_Plan-de-travail-1-01-150x150.png 150w, https:\/\/alara-rt.fr\/wp-content\/uploads\/2023\/11\/Pictos_Alara-RT_Plan-de-travail-1-01-1536x1536.png 1536w\" sizes=\"(max-width: 1667px) 100vw, 1667px\" \/><\/figure><div class=\"elementor-image-box-content\"><h3 class=\"elementor-image-box-title\">Gemeinsame Wartung<\/h3><p class=\"elementor-image-box-description\">Gewinnen Sie mehr Zeit f\u00fcr Ihre Patienten<br>durch unsere Wartungsl\u00f6sungen  <br>gemeinsame Vorbeugungs- und Korrekturma\u00dfnahmen.<\/p><\/div><\/div>\t\t\t\t<\/div>\n\t\t\t\t<\/div>\n\t\t\t\t<div class=\"elementor-element elementor-element-abb6144 animated-slow elementor-position-top elementor-invisible elementor-widget elementor-widget-image-box\" data-id=\"abb6144\" data-element_type=\"widget\" data-e-type=\"widget\" data-settings=\"{&quot;_animation&quot;:&quot;fadeInRight&quot;}\" data-widget_type=\"image-box.default\">\n\t\t\t\t<div class=\"elementor-widget-container\">\n\t\t\t\t\t<div class=\"elementor-image-box-wrapper\"><figure class=\"elementor-image-box-img\"><img decoding=\"async\" width=\"1667\" height=\"1667\" src=\"https:\/\/alara-rt.fr\/wp-content\/uploads\/2023\/11\/Pictos_Alara-RT_Plan-de-travail-1-02.png\" class=\"elementor-animation-grow attachment-full size-full wp-image-667\" alt=\"\" srcset=\"https:\/\/alara-rt.fr\/wp-content\/uploads\/2023\/11\/Pictos_Alara-RT_Plan-de-travail-1-02.png 1667w, https:\/\/alara-rt.fr\/wp-content\/uploads\/2023\/11\/Pictos_Alara-RT_Plan-de-travail-1-02-300x300.png 300w, https:\/\/alara-rt.fr\/wp-content\/uploads\/2023\/11\/Pictos_Alara-RT_Plan-de-travail-1-02-1024x1024.png 1024w, https:\/\/alara-rt.fr\/wp-content\/uploads\/2023\/11\/Pictos_Alara-RT_Plan-de-travail-1-02-150x150.png 150w, https:\/\/alara-rt.fr\/wp-content\/uploads\/2023\/11\/Pictos_Alara-RT_Plan-de-travail-1-02-1536x1536.png 1536w\" sizes=\"(max-width: 1667px) 100vw, 1667px\" \/><\/figure><div class=\"elementor-image-box-content\"><h3 class=\"elementor-image-box-title\">Qualit\u00e4tskontrollen<\/h3><p class=\"elementor-image-box-description\">Konzentrieren Sie sich auf die Techniken von<br>Verarbeitung, indem Sie uns Ihre<br>vorgeschriebene interne Qualit\u00e4tskontrollen.<\/p><\/div><\/div>\t\t\t\t<\/div>\n\t\t\t\t<\/div>\n\t\t\t\t<div class=\"elementor-element elementor-element-ce50177 animated-slow elementor-position-top elementor-invisible elementor-widget elementor-widget-image-box\" data-id=\"ce50177\" data-element_type=\"widget\" data-e-type=\"widget\" data-settings=\"{&quot;_animation&quot;:&quot;fadeInRight&quot;}\" data-widget_type=\"image-box.default\">\n\t\t\t\t<div class=\"elementor-widget-container\">\n\t\t\t\t\t<div class=\"elementor-image-box-wrapper\"><figure class=\"elementor-image-box-img\"><img decoding=\"async\" width=\"1667\" height=\"1667\" src=\"https:\/\/alara-rt.fr\/wp-content\/uploads\/2023\/11\/Pictos_Alara-RT_Plan-de-travail-1-03.png\" class=\"elementor-animation-grow attachment-full size-full wp-image-668\" alt=\"\" srcset=\"https:\/\/alara-rt.fr\/wp-content\/uploads\/2023\/11\/Pictos_Alara-RT_Plan-de-travail-1-03.png 1667w, https:\/\/alara-rt.fr\/wp-content\/uploads\/2023\/11\/Pictos_Alara-RT_Plan-de-travail-1-03-300x300.png 300w, https:\/\/alara-rt.fr\/wp-content\/uploads\/2023\/11\/Pictos_Alara-RT_Plan-de-travail-1-03-1024x1024.png 1024w, https:\/\/alara-rt.fr\/wp-content\/uploads\/2023\/11\/Pictos_Alara-RT_Plan-de-travail-1-03-150x150.png 150w, https:\/\/alara-rt.fr\/wp-content\/uploads\/2023\/11\/Pictos_Alara-RT_Plan-de-travail-1-03-1536x1536.png 1536w\" sizes=\"(max-width: 1667px) 100vw, 1667px\" \/><\/figure><div class=\"elementor-image-box-content\"><h3 class=\"elementor-image-box-title\">Fachwissen und Schulungen<\/h3><p class=\"elementor-image-box-description\">Nehmen Sie die neuesten Innovationen gelassen an<br>in der Strahlentherapie mit dem Fachwissen von<br>unserem multidisziplin\u00e4ren Team.<\/p><\/div><\/div>\t\t\t\t<\/div>\n\t\t\t\t<\/div>\n\t\t\t\t\t<\/div>\n\t\t\t\t<\/div>\n\t\t\t\t\t<\/div>\n\t\t\t\t<\/div>\n\t\t\t\t<\/div>\n\t\t\t\t<\/div>\n\t\t<div class=\"elementor-element elementor-element-3965ba4 e-flex e-con-boxed e-con e-parent\" data-id=\"3965ba4\" data-element_type=\"container\" data-e-type=\"container\" data-settings=\"{&quot;background_background&quot;:&quot;classic&quot;}\">\n\t\t\t\t\t<div class=\"e-con-inner\">\n\t\t<div class=\"elementor-element elementor-element-5a1ec91 e-con-full e-flex e-con e-child\" data-id=\"5a1ec91\" data-element_type=\"container\" data-e-type=\"container\">\n\t\t\t\t<div class=\"elementor-element elementor-element-ec88d16 elementor-position-left animated-slow elementor-vertical-align-top elementor-invisible elementor-widget elementor-widget-image-box\" data-id=\"ec88d16\" data-element_type=\"widget\" data-e-type=\"widget\" data-settings=\"{&quot;_animation&quot;:&quot;fadeInDown&quot;}\" data-widget_type=\"image-box.default\">\n\t\t\t\t<div class=\"elementor-widget-container\">\n\t\t\t\t\t<div class=\"elementor-image-box-wrapper\"><figure class=\"elementor-image-box-img\"><img loading=\"lazy\" decoding=\"async\" width=\"3\" height=\"105\" src=\"https:\/\/alara-rt.fr\/wp-content\/uploads\/2023\/10\/barre_titre-Alara-RT.png\" class=\"attachment-full size-full wp-image-316\" alt=\"\" \/><\/figure><div class=\"elementor-image-box-content\"><h3 class=\"elementor-image-box-title\">Unsere  <br>Kompetenzen<\/h3><\/div><\/div>\t\t\t\t<\/div>\n\t\t\t\t<\/div>\n\t\t\t\t<\/div>\n\t\t<div class=\"elementor-element elementor-element-05eb7ec e-con-full e-flex e-con e-child\" data-id=\"05eb7ec\" data-element_type=\"container\" data-e-type=\"container\">\n\t\t\t\t<div class=\"elementor-element elementor-element-34ddc11 elementor-widget__width-initial animated-slow elementor-icon-list--layout-traditional elementor-list-item-link-full_width elementor-invisible elementor-widget elementor-widget-icon-list\" data-id=\"34ddc11\" data-element_type=\"widget\" data-e-type=\"widget\" data-settings=\"{&quot;_animation&quot;:&quot;fadeInRight&quot;}\" data-widget_type=\"icon-list.default\">\n\t\t\t\t<div class=\"elementor-widget-container\">\n\t\t\t\t\t\t\t<ul class=\"elementor-icon-list-items\">\n\t\t\t\t\t\t\t<li class=\"elementor-icon-list-item\">\n\t\t\t\t\t\t\t\t\t\t\t<span class=\"elementor-icon-list-icon\">\n\t\t\t\t\t\t\t<i aria-hidden=\"true\" class=\"far fa-file-alt\"><\/i>\t\t\t\t\t\t<\/span>\n\t\t\t\t\t\t\t\t\t\t<span class=\"elementor-icon-list-text\">Gesetzliche Qualit\u00e4tskontrolle in der Strahlentherapie<\/span>\n\t\t\t\t\t\t\t\t\t<\/li>\n\t\t\t\t\t\t\t\t<li class=\"elementor-icon-list-item\">\n\t\t\t\t\t\t\t\t\t\t\t<span class=\"elementor-icon-list-icon\">\n\t\t\t\t\t\t\t<i aria-hidden=\"true\" class=\"far fa-file-alt\"><\/i>\t\t\t\t\t\t<\/span>\n\t\t\t\t\t\t\t\t\t\t<span class=\"elementor-icon-list-text\">Qualit\u00e4tskontrolle IMRT\/VMAT &amp; IGRT<\/span>\n\t\t\t\t\t\t\t\t\t<\/li>\n\t\t\t\t\t\t\t\t<li class=\"elementor-icon-list-item\">\n\t\t\t\t\t\t\t\t\t\t\t<span class=\"elementor-icon-list-icon\">\n\t\t\t\t\t\t\t<i aria-hidden=\"true\" class=\"far fa-file-alt\"><\/i>\t\t\t\t\t\t<\/span>\n\t\t\t\t\t\t\t\t\t\t<span class=\"elementor-icon-list-text\">Qualit\u00e4tskontrolle in der Nuklearmedizin<\/span>\n\t\t\t\t\t\t\t\t\t<\/li>\n\t\t\t\t\t\t\t\t<li class=\"elementor-icon-list-item\">\n\t\t\t\t\t\t\t\t\t\t\t<span class=\"elementor-icon-list-icon\">\n\t\t\t\t\t\t\t<i aria-hidden=\"true\" class=\"fas fa-tools\"><\/i>\t\t\t\t\t\t<\/span>\n\t\t\t\t\t\t\t\t\t\t<span class=\"elementor-icon-list-text\">Hilfe bei der Installation eines neuen Linacs und medizinische (von der Konturierung bis zur dosimetrischen Interpretation) und physikalische (Rezeptur, Qualit\u00e4tskontrolle, Dosimetrie, etc.) Begleitung.<\/span>\n\t\t\t\t\t\t\t\t\t<\/li>\n\t\t\t\t\t\t\t\t<li class=\"elementor-icon-list-item\">\n\t\t\t\t\t\t\t\t\t\t\t<span class=\"elementor-icon-list-icon\">\n\t\t\t\t\t\t\t<i aria-hidden=\"true\" class=\"fas fa-cogs\"><\/i>\t\t\t\t\t\t<\/span>\n\t\t\t\t\t\t\t\t\t\t<span class=\"elementor-icon-list-text\">Korrektive und pr\u00e4ventive Wartung, die mit dem Hersteller geteilt wird<\/span>\n\t\t\t\t\t\t\t\t\t<\/li>\n\t\t\t\t\t\t\t\t<li class=\"elementor-icon-list-item\">\n\t\t\t\t\t\t\t\t\t\t\t<span class=\"elementor-icon-list-icon\">\n\t\t\t\t\t\t\t<i aria-hidden=\"true\" class=\"fas fa-network-wired\"><\/i>\t\t\t\t\t\t<\/span>\n\t\t\t\t\t\t\t\t\t\t<span class=\"elementor-icon-list-text\">Hilfe bei der Auswahl der Ausr\u00fcstung, Strategie f\u00fcr die Installation<\/span>\n\t\t\t\t\t\t\t\t\t<\/li>\n\t\t\t\t\t\t\t\t<li class=\"elementor-icon-list-item\">\n\t\t\t\t\t\t\t\t\t\t\t<span class=\"elementor-icon-list-icon\">\n\t\t\t\t\t\t\t<i aria-hidden=\"true\" class=\"fas fa-chalkboard-teacher\"><\/i>\t\t\t\t\t\t<\/span>\n\t\t\t\t\t\t\t\t\t\t<span class=\"elementor-icon-list-text\">Ausbildung und Einf\u00fchrung neuer Techniken (IGRT, IMRT, Stereotaxie)<\/span>\n\t\t\t\t\t\t\t\t\t<\/li>\n\t\t\t\t\t\t\t\t<li class=\"elementor-icon-list-item\">\n\t\t\t\t\t\t\t\t\t\t\t<span class=\"elementor-icon-list-icon\">\n\t\t\t\t\t\t\t<i aria-hidden=\"true\" class=\"fas fa-expand-arrows-alt\"><\/i>\t\t\t\t\t\t<\/span>\n\t\t\t\t\t\t\t\t\t\t<span class=\"elementor-icon-list-text\">Qualit\u00e4tsstrategie (CREX, Audit usw.)<\/span>\n\t\t\t\t\t\t\t\t\t<\/li>\n\t\t\t\t\t\t\t\t<li class=\"elementor-icon-list-item\">\n\t\t\t\t\t\t\t\t\t\t\t<span class=\"elementor-icon-list-icon\">\n\t\t\t\t\t\t\t<i aria-hidden=\"true\" class=\"fas fa-brain\"><\/i>\t\t\t\t\t\t<\/span>\n\t\t\t\t\t\t\t\t\t\t<span class=\"elementor-icon-list-text\">Forschung &amp; Entwicklung<\/span>\n\t\t\t\t\t\t\t\t\t<\/li>\n\t\t\t\t\t\t<\/ul>\n\t\t\t\t\t\t<\/div>\n\t\t\t\t<\/div>\n\t\t\t\t<\/div>\n\t\t\t\t\t<\/div>\n\t\t\t\t<\/div>\n\t\t\t\t<\/div>\n\t\t","protected":false},"excerpt":{"rendered":"<p>Zum Wohle Ihrer Patienten Sichere und optimierte Praktiken Gemeinsame Wartung Gewinnen Sie mehr Zeit f\u00fcr Ihre Patientendurch unsere Wartungsl\u00f6sungen gemeinsame Vorbeugungs- und Korrekturma\u00dfnahmen. Qualit\u00e4tskontrollen Konzentrieren Sie sich auf die Techniken vonVerarbeitung, indem Sie uns Ihrevorgeschriebene interne Qualit\u00e4tskontrollen. Fachwissen und Schulungen Nehmen Sie die neuesten Innovationen gelassen anin der Strahlentherapie mit dem Fachwissen vonunserem multidisziplin\u00e4ren Team. &hellip; <\/p>\n<p class=\"link-more\"><a href=\"https:\/\/alara-rt.fr\/de\/unsere-loesungen\/\" class=\"more-link\">Mehr <span class=\"screen-reader-text\">\u00fcber &#8222;Unsere L\u00f6sungen&#8220; <\/span>Lesen<\/a><\/p>\n","protected":false},"author":2,"featured_media":0,"parent":0,"menu_order":0,"comment_status":"closed","ping_status":"closed","template":"elementor_header_footer","meta":{"inspiro_hide_title":false,"footnotes":""},"class_list":["post-1177","page","type-page","status-publish","hentry"],"aioseo_notices":[],"_links":{"self":[{"href":"https:\/\/alara-rt.fr\/de\/wp-json\/wp\/v2\/pages\/1177","targetHints":{"allow":["GET"]}}],"collection":[{"href":"https:\/\/alara-rt.fr\/de\/wp-json\/wp\/v2\/pages"}],"about":[{"href":"https:\/\/alara-rt.fr\/de\/wp-json\/wp\/v2\/types\/page"}],"author":[{"embeddable":true,"href":"https:\/\/alara-rt.fr\/de\/wp-json\/wp\/v2\/users\/2"}],"replies":[{"embeddable":true,"href":"https:\/\/alara-rt.fr\/de\/wp-json\/wp\/v2\/comments?post=1177"}],"version-history":[{"count":12,"href":"https:\/\/alara-rt.fr\/de\/wp-json\/wp\/v2\/pages\/1177\/revisions"}],"predecessor-version":[{"id":1500,"href":"https:\/\/alara-rt.fr\/de\/wp-json\/wp\/v2\/pages\/1177\/revisions\/1500"}],"wp:attachment":[{"href":"https:\/\/alara-rt.fr\/de\/wp-json\/wp\/v2\/media?parent=1177"}],"curies":[{"name":"wp","href":"https:\/\/api.w.org\/{rel}","templated":true}]}}